{"id":26,"date":"2025-09-01T13:52:48","date_gmt":"2025-09-01T11:52:48","guid":{"rendered":"https:\/\/markusweibel.ch\/?page_id=26"},"modified":"2025-09-09T09:39:18","modified_gmt":"2025-09-09T07:39:18","slug":"home","status":"publish","type":"page","link":"https:\/\/markusweibel.ch\/fr\/","title":{"rendered":"Accueil"},"content":{"rendered":"<p>[et_pb_section fb_built=&#187;1&#8243; custom_padding_last_edited=&#187;on|phone&#187; module_id=&#187;home&#187; _builder_version=&#187;4.25.2&#8243; _module_preset=&#187;default&#187; background_image=&#187;https:\/\/markusweibel.ch\/wp-content\/uploads\/2025\/09\/DSC02981-3.jpg&#187; parallax=&#187;on&#187; parallax_method=&#187;off&#187; height=&#187;1000px&#187; height_tablet=&#187;&#187; height_phone=&#187;&#187; height_last_edited=&#187;on|phone&#187; custom_padding=&#187;280px|||||&#187; custom_padding_tablet=&#187;&#187; custom_padding_phone=&#187;140px||200px||false|false&#187; background_last_edited=&#187;on|phone&#187; background_image_phone=&#187;https:\/\/markusweibel.ch\/wp-content\/uploads\/2025\/09\/DSC02981-4.jpg&#187; background_enable_image_phone=&#187;on&#187; parallax_phone=&#187;off&#187; background_size_phone=&#187;cover&#187; background_image_width_phone=&#187;100%&#187; background_image_height_phone=&#187;100%&#187; background_position_phone=&#187;bottom_right&#187; background_horizontal_offset_phone=&#187;83%&#187; background_vertical_offset_phone=&#187;0%&#187; global_colors_info=&#187;{}&#187;][et_pb_row _builder_version=&#187;4.16&#8243; _module_preset=&#187;default&#187; background_color=&#187;RGBA(0,0,0,0)&#187; max_width=&#187;500px&#187; height=&#187;300px&#187; custom_padding=&#187;0px||0px||false|false&#187; border_color_all=&#187;#000000&#8243; global_colors_info=&#187;{}&#187;][et_pb_column type=&#187;4_4&#8243; _builder_version=&#187;4.16&#8243; _module_preset=&#187;default&#187; global_colors_info=&#187;{}&#187;][et_pb_text admin_label=&#187;Name&#187; _builder_version=&#187;4.16&#8243; _module_preset=&#187;default&#187; text_font_size=&#187;20px&#187; header_font=&#187;Poppins|700|||||||&#187; header_text_align=&#187;center&#187; header_text_color=&#187;#FFFFFF&#187; header_font_size=&#187;72px&#187; header_letter_spacing=&#187;2px&#187; header_line_height=&#187;1.1em&#187; header_2_font=&#187;Poppins|700|||||||&#187; header_2_text_align=&#187;center&#187; header_2_text_color=&#187;#8300E9&#8243; header_2_font_size=&#187;72px&#187; text_orientation=&#187;center&#187; custom_margin=&#187;0px|0px|0px|0px|false|false&#187; custom_padding=&#187;0px|0px|0px|0px|false|false&#187; header_font_size_tablet=&#187;&#187; header_font_size_phone=&#187;62px&#187; header_font_size_last_edited=&#187;on|phone&#187; global_colors_info=&#187;{}&#187;]<\/p>\n<h1 style=\"text-align: left;\">JE SUIS<br \/>MARKUS<br \/>WEIBEL\u00a0<\/h1>\n<p>[\/et_pb_text][et_pb_text admin_label=&#187;Job&#187; _builder_version=&#187;4.25.2&#8243; _module_preset=&#187;default&#187; text_font=&#187;Poppins|300|||||||&#187; text_text_color=&#187;#FFFFFF&#187; text_font_size=&#187;24px&#187; header_font=&#187;Poppins|700|||||||&#187; header_text_align=&#187;center&#187; header_text_color=&#187;#FFFFFF&#187; header_font_size=&#187;72px&#187; header_letter_spacing=&#187;2px&#187; header_line_height=&#187;1.1em&#187; header_2_font=&#187;Poppins|700|||||||&#187; header_2_text_align=&#187;center&#187; header_2_text_color=&#187;#8300E9&#8243; header_2_font_size=&#187;72px&#187; text_orientation=&#187;center&#187; custom_margin=&#187;0px|0px|0px|0px|false|false&#187; custom_padding=&#187;0px|0px|0px|0px|false|false&#187; global_colors_info=&#187;{}&#187;]<\/p>\n<p style=\"text-align: left;\">Coach en \u00e9pig\u00e9n\u00e9tique, chercheur en sommeil, gestion du stress<\/p>\n<p>[\/et_pb_text][et_pb_text disabled_on=&#187;on|on|off&#187; admin_label=&#187;Punkt&#187; _builder_version=&#187;4.25.2&#8243; _module_preset=&#187;default&#187; text_font_size=&#187;20px&#187; header_font=&#187;Poppins|700|||||||&#187; header_text_align=&#187;center&#187; header_text_color=&#187;#EDF000&#8243; header_font_size=&#187;72px&#187; header_2_font=&#187;Poppins|700|||||||&#187; header_2_text_align=&#187;center&#187; header_2_text_color=&#187;#EDF000&#8243; header_2_font_size=&#187;72px&#187; transform_scale_tablet=&#187;&#187; transform_scale_phone=&#187;&#187; transform_scale_last_edited=&#187;on|phone&#187; transform_translate=&#187;-211px|-133px&#187; transform_translate_tablet=&#187;&#187; transform_translate_phone=&#187;-50px|-123px&#187; transform_translate_last_edited=&#187;on|phone&#187; transform_translate_linked=&#187;off&#187; transform_rotate_tablet=&#187;&#187; transform_rotate_phone=&#187;&#187; transform_rotate_last_edited=&#187;on|phone&#187; transform_skew_tablet=&#187;&#187; transform_skew_phone=&#187;&#187; transform_skew_last_edited=&#187;on|phone&#187; transform_origin_tablet=&#187;&#187; transform_origin_phone=&#187;&#187; transform_origin_last_edited=&#187;on|phone&#187; transform_styles_last_edited=&#187;on|phone&#187; text_orientation=&#187;center&#187; custom_margin=&#187;0px|0px|0px|0px|false|false&#187; custom_padding=&#187;0px|0px|0px|0px|false|false&#187; header_2_font_size_tablet=&#187;&#187; header_2_font_size_phone=&#187;62px&#187; header_2_font_size_last_edited=&#187;on|phone&#187; transform_styles_tablet=&#187;&#187; transform_styles_phone=&#187;&#187; global_colors_info=&#187;{}&#187;]<\/p>\n<h2 style=\"text-align: right;\">.<\/h2>\n<p>[\/et_pb_text][\/et_pb_column][\/et_pb_row][\/et_pb_section][et_pb_section fb_built=&#187;1&#8243; custom_padding_last_edited=&#187;on|phone&#187; _builder_version=&#187;4.25.2&#8243; _module_preset=&#187;default&#187; background_color=&#187;RGBA(0,0,0,0)&#187; background_image=&#187;https:\/\/markusweibel.ch\/wp-content\/uploads\/2025\/09\/QualifikationenBG.jpg&#187; parallax=&#187;on&#187; custom_padding=&#187;0px||0px||false|false&#187; custom_padding_tablet=&#187;&#187; custom_padding_phone=&#187;|25px||25px|false|false&#187; background_color_phone=&#187;#000000&#8243; background_last_edited=&#187;on|phone&#187; background_enable_color_phone=&#187;on&#187; background_image_phone=&#187;https:\/\/markusweibel.ch\/wp-content\/uploads\/2025\/09\/QualifikationenBGmobile.jpg&#187; background_enable_image_phone=&#187;on&#187; parallax_phone=&#187;on&#187; background_size_phone=&#187;cover&#187; background_position_phone=&#187;top_left&#187; background_horizontal_offset_phone=&#187;33%&#187; global_colors_info=&#187;{}&#187;][et_pb_row custom_padding_last_edited=&#187;on|phone&#187; _builder_version=&#187;4.25.2&#8243; _module_preset=&#187;default&#187; background_color=&#187;#212a31&#8243; transform_scale_tablet=&#187;&#187; transform_scale_phone=&#187;&#187; transform_scale_last_edited=&#187;on|phone&#187; transform_translate=&#187;0px|-280px&#187; transform_translate_tablet=&#187;&#187; transform_translate_phone=&#187;0px|-202px&#187; transform_translate_last_edited=&#187;on|phone&#187; transform_translate_linked=&#187;off&#187; transform_rotate_tablet=&#187;&#187; transform_rotate_phone=&#187;&#187; transform_rotate_last_edited=&#187;on|phone&#187; transform_skew_tablet=&#187;&#187; transform_skew_phone=&#187;&#187; transform_skew_last_edited=&#187;on|phone&#187; transform_origin_tablet=&#187;&#187; transform_origin_phone=&#187;&#187; transform_origin_last_edited=&#187;on|phone&#187; transform_styles_last_edited=&#187;on|phone&#187; width=&#187;100%&#187; width_tablet=&#187;&#187; width_phone=&#187;100%&#187; width_last_edited=&#187;on|phone&#187; max_width=&#187;820px&#187; max_width_tablet=&#187;&#187; max_width_phone=&#187;&#187; max_width_last_edited=&#187;on|phone&#187; custom_padding=&#187;80px|200px|70px|200px|false|false&#187; custom_padding_tablet=&#187;&#187; custom_padding_phone=&#187;80px|16px|70px|16px|false|false&#187; hover_enabled=&#187;0&#8243; transform_styles_tablet=&#187;&#187; transform_styles_phone=&#187;&#187; global_colors_info=&#187;{}&#187; sticky_enabled=&#187;0&#8243;][et_pb_column type=&#187;4_4&#8243; _builder_version=&#187;4.16&#8243; _module_preset=&#187;default&#187; global_colors_info=&#187;{}&#187;][et_pb_image src=&#187;https:\/\/markusweibel.ch\/wp-content\/uploads\/2025\/09\/MWLOGO.png&#187; title_text=&#187;MWLOGO&#187; align=&#187;center&#187; _builder_version=&#187;4.25.2&#8243; _module_preset=&#187;default&#187; height=&#187;100px&#187; custom_margin=&#187;||70px||false|false&#187; global_colors_info=&#187;{}&#187;][\/et_pb_image][et_pb_text _builder_version=&#187;4.25.2&#8243; _module_preset=&#187;default&#187; text_font=&#187;Poppins|300|||||||&#187; text_text_color=&#187;#FFFFFF&#187; text_font_size=&#187;17px&#187; text_letter_spacing=&#187;1px&#187; text_line_height=&#187;1.6em&#187; text_orientation=&#187;center&#187; global_colors_info=&#187;{}&#187;]<\/p>\n<p>Je suis chercheur en sommeil et expert en gestion du stress avec plus de 20 ans d'exp\u00e9rience pratique. En tant que fondateur du programme \u201eSleep Excellence\u201c, je me suis sp\u00e9cialis\u00e9 dans l'optimisation de la qualit\u00e9 du sommeil et la gestion du stress. Gr\u00e2ce \u00e0 mes connaissances approfondies dans les domaines des neurosciences et de l'\u00e9pig\u00e9n\u00e9tique, je me tiens toujours au courant des derni\u00e8res avanc\u00e9es de la recherche. Passionn\u00e9 par la sant\u00e9 et la performance, je m'engage \u00e0 aider les gens \u00e0 am\u00e9liorer leur sommeil, \u00e0 r\u00e9duire les facteurs de stress et \u00e0 augmenter ainsi durablement leur bien-\u00eatre et leurs performances.<\/p>\n<p>[\/et_pb_text][\/et_pb_column][\/et_pb_row][et_pb_row custom_padding_last_edited=&#187;on|phone&#187; disabled_on=&#187;on|on|on&#187; module_id=&#187;qualifikationen&#187; _builder_version=&#187;4.25.2&#8243; _module_preset=&#187;default&#187; background_color=&#187;RGBA(0,0,0,0)&#187; transform_translate=&#187;0px|-100px&#187; transform_translate_linked=&#187;off&#187; width=&#187;100%&#187; max_width=&#187;820px&#187; custom_margin=&#187;0px||||false|false&#187; custom_padding=&#187;0px||||false|false&#187; custom_padding_tablet=&#187;&#187; custom_padding_phone=&#187;||||false|false&#187; disabled=&#187;on&#187; global_colors_info=&#187;{}&#187;][et_pb_column type=&#187;4_4&#8243; _builder_version=&#187;4.16&#8243; _module_preset=&#187;default&#187; global_colors_info=&#187;{}&#187;][et_pb_text _builder_version=&#187;4.27.4&#8243; _module_preset=&#187;default&#187; text_font=&#187;Poppins|300|||||||&#187; text_text_color=&#187;#FFFFFF&#187; text_font_size=&#187;17px&#187; text_letter_spacing=&#187;1px&#187; text_line_height=&#187;1.6em&#187; header_2_font=&#187;Poppins||||||||&#187; header_2_text_color=&#187;#FFFFFF&#187; header_2_font_size=&#187;38px&#187; header_3_font=&#187;Poppins|300|||||||&#187; header_3_text_color=&#187;#FFFFFF&#187; header_3_font_size=&#187;24px&#187; text_orientation=&#187;center&#187; global_colors_info=&#187;{}&#187;]<\/p>\n<h2>Qualifikationen<\/h2>\n<h3>Software &#8211; Kenntnisse<\/h3>\n<p>[\/et_pb_text][et_pb_counters bar_bg_color=&#187;#212a31&#8243; _builder_version=&#187;4.27.4&#8243; _module_preset=&#187;default&#187; percent_font=&#187;Poppins|300|||||||&#187; percent_text_align=&#187;right&#187; percent_text_color=&#187;#FFFFFF&#187; percent_font_size=&#187;16px&#187; background_color=&#187;RGBA(0,0,0,0)&#187; width_tablet=&#187;&#187; width_phone=&#187;100%&#187; width_last_edited=&#187;on|phone&#187; max_width=&#187;710px&#187; custom_css_counter_container=&#187;transform: translatey(-25px) translatex(110px)&#187; global_colors_info=&#187;{}&#187; custom_css_counter_container_last_edited=&#187;on|phone&#187; custom_css_counter_container_phone=&#187;transform: translatey(0px) translatex(0px)&#187; custom_css_counter_container_tablet=&#187;transform: translatey(-25px) translatex(110px)&#187;][et_pb_counter percent=&#187;80&#8243; bar_background_color=&#187;#EDF000&#8243; _builder_version=&#187;4.16&#8243; _module_preset=&#187;default&#187; title_font=&#187;Poppins|300|||||||&#187; title_text_color=&#187;#FFFFFF&#187; title_font_size=&#187;17px&#187; percent_font=&#187;Poppins|300|||||||&#187; percent_text_color=&#187;#212a31&#8243; percent_font_size=&#187;16px&#187; text_orientation=&#187;left&#187; global_colors_info=&#187;{}&#187; bar_background_color_default=&#187;#212a31&#8243; use_percentages=&#187;on&#187;]Wordpress[\/et_pb_counter][et_pb_counter percent=&#187;70&#8243; bar_background_color=&#187;#EDF000&#8243; _builder_version=&#187;4.16&#8243; _module_preset=&#187;default&#187; title_font=&#187;Poppins|300|||||||&#187; title_text_color=&#187;#FFFFFF&#187; title_font_size=&#187;17px&#187; percent_font=&#187;Poppins|300|||||||&#187; percent_text_color=&#187;#212a31&#8243; percent_font_size=&#187;16px&#187; text_orientation=&#187;left&#187; global_colors_info=&#187;{}&#187; bar_background_color_default=&#187;#212a31&#8243; use_percentages=&#187;on&#187;]Divi[\/et_pb_counter][et_pb_counter percent=&#187;40&#8243; bar_background_color=&#187;#EDF000&#8243; _builder_version=&#187;4.16&#8243; _module_preset=&#187;default&#187; title_font=&#187;Poppins|300|||||||&#187; title_text_color=&#187;#FFFFFF&#187; title_font_size=&#187;17px&#187; percent_font=&#187;Poppins|300|||||||&#187; percent_text_color=&#187;#212a31&#8243; percent_font_size=&#187;16px&#187; text_orientation=&#187;left&#187; global_colors_info=&#187;{}&#187; bar_background_color_default=&#187;#212a31&#8243; use_percentages=&#187;on&#187;]Google Ads[\/et_pb_counter][et_pb_counter percent=&#187;50&#8243; bar_background_color=&#187;#EDF000&#8243; _builder_version=&#187;4.16&#8243; _module_preset=&#187;default&#187; title_font=&#187;Poppins|300|||||||&#187; title_text_color=&#187;#FFFFFF&#187; title_font_size=&#187;17px&#187; percent_font=&#187;Poppins|300|||||||&#187; percent_text_color=&#187;#212a31&#8243; percent_font_size=&#187;16px&#187; text_orientation=&#187;left&#187; global_colors_info=&#187;{}&#187; bar_background_color_default=&#187;#212a31&#8243; use_percentages=&#187;on&#187;]PHP[\/et_pb_counter][et_pb_counter percent=&#187;35&#8243; bar_background_color=&#187;#EDF000&#8243; _builder_version=&#187;4.16&#8243; _module_preset=&#187;default&#187; title_font=&#187;Poppins|300|||||||&#187; title_text_color=&#187;#FFFFFF&#187; title_font_size=&#187;17px&#187; percent_font=&#187;Poppins|300|||||||&#187; percent_text_color=&#187;#212a31&#8243; percent_font_size=&#187;16px&#187; text_orientation=&#187;left&#187; global_colors_info=&#187;{}&#187; bar_background_color_default=&#187;#212a31&#8243; use_percentages=&#187;on&#187;]CSS[\/et_pb_counter][et_pb_counter percent=&#187;30&#8243; bar_background_color=&#187;#EDF000&#8243; _builder_version=&#187;4.16&#8243; _module_preset=&#187;default&#187; title_font=&#187;Poppins|300|||||||&#187; title_text_color=&#187;#FFFFFF&#187; title_font_size=&#187;17px&#187; percent_font=&#187;Poppins|300|||||||&#187; percent_text_color=&#187;#212a31&#8243; percent_font_size=&#187;16px&#187; text_orientation=&#187;left&#187; global_colors_info=&#187;{}&#187; bar_background_color_default=&#187;#212a31&#8243; use_percentages=&#187;on&#187;]HTML[\/et_pb_counter][et_pb_counter percent=&#187;25&#8243; bar_background_color=&#187;#EDF000&#8243; _builder_version=&#187;4.16&#8243; _module_preset=&#187;default&#187; title_font=&#187;Poppins|300|||||||&#187; title_text_color=&#187;#FFFFFF&#187; title_font_size=&#187;17px&#187; percent_font=&#187;Poppins|300|||||||&#187; percent_text_color=&#187;#212a31&#8243; percent_font_size=&#187;16px&#187; text_orientation=&#187;left&#187; global_colors_info=&#187;{}&#187; bar_background_color_default=&#187;#212a31&#8243; use_percentages=&#187;on&#187;]MySQL[\/et_pb_counter][et_pb_counter percent=&#187;65&#8243; bar_background_color=&#187;#EDF000&#8243; _builder_version=&#187;4.16&#8243; _module_preset=&#187;default&#187; title_font=&#187;Poppins|300|||||||&#187; title_text_color=&#187;#FFFFFF&#187; title_font_size=&#187;17px&#187; percent_font=&#187;Poppins|300|||||||&#187; percent_text_color=&#187;#212a31&#8243; percent_font_size=&#187;16px&#187; text_orientation=&#187;left&#187; global_colors_info=&#187;{}&#187; bar_background_color_default=&#187;#212a31&#8243; use_percentages=&#187;on&#187;]Unity[\/et_pb_counter][et_pb_counter percent=&#187;45&#8243; bar_background_color=&#187;#EDF000&#8243; _builder_version=&#187;4.16&#8243; _module_preset=&#187;default&#187; title_font=&#187;Poppins|300|||||||&#187; title_text_color=&#187;#FFFFFF&#187; title_font_size=&#187;17px&#187; percent_font=&#187;Poppins|300|||||||&#187; percent_text_color=&#187;#212a31&#8243; percent_font_size=&#187;16px&#187; text_orientation=&#187;left&#187; global_colors_info=&#187;{}&#187; bar_background_color_default=&#187;#212a31&#8243; use_percentages=&#187;on&#187;]C#[\/et_pb_counter][et_pb_counter percent=&#187;50&#8243; bar_background_color=&#187;#EDF000&#8243; _builder_version=&#187;4.16&#8243; _module_preset=&#187;default&#187; title_font=&#187;Poppins|300|||||||&#187; title_text_color=&#187;#FFFFFF&#187; title_font_size=&#187;17px&#187; percent_font=&#187;Poppins|300|||||||&#187; percent_text_color=&#187;#212a31&#8243; percent_font_size=&#187;16px&#187; text_orientation=&#187;left&#187; global_colors_info=&#187;{}&#187; bar_background_color_default=&#187;#212a31&#8243; use_percentages=&#187;on&#187;]GitHub[\/et_pb_counter][et_pb_counter percent=&#187;50&#8243; bar_background_color=&#187;#EDF000&#8243; _builder_version=&#187;4.27.4&#8243; _module_preset=&#187;default&#187; title_font=&#187;Poppins|300|||||||&#187; title_text_color=&#187;#FFFFFF&#187; title_font_size=&#187;17px&#187; percent_font=&#187;Poppins|300|||||||&#187; percent_text_color=&#187;#212a31&#8243; percent_font_size=&#187;16px&#187; text_orientation=&#187;left&#187; global_colors_info=&#187;{}&#187; bar_background_color_default=&#187;#212a31&#8243; use_percentages=&#187;on&#187;]Office 365[\/et_pb_counter][et_pb_counter percent=&#187;60&#8243; bar_background_color=&#187;#EDF000&#8243; _builder_version=&#187;4.27.4&#8243; _module_preset=&#187;default&#187; title_font=&#187;Poppins|300|||||||&#187; title_text_color=&#187;#FFFFFF&#187; title_font_size=&#187;17px&#187; percent_font=&#187;Poppins|300|||||||&#187; percent_text_color=&#187;#212a31&#8243; percent_font_size=&#187;16px&#187; text_orientation=&#187;left&#187; global_colors_info=&#187;{}&#187; bar_background_color_default=&#187;#212a31&#8243; use_percentages=&#187;on&#187;]Kanban[\/et_pb_counter][et_pb_counter percent=&#187;60&#8243; bar_background_color=&#187;#EDF000&#8243; _builder_version=&#187;4.27.4&#8243; _module_preset=&#187;default&#187; title_font=&#187;Poppins|300|||||||&#187; title_text_color=&#187;#FFFFFF&#187; title_font_size=&#187;17px&#187; percent_font=&#187;Poppins|300|||||||&#187; percent_text_color=&#187;#212a31&#8243; percent_font_size=&#187;16px&#187; text_orientation=&#187;left&#187; global_colors_info=&#187;{}&#187; bar_background_color_default=&#187;#212a31&#8243; use_percentages=&#187;on&#187;]Scrum[\/et_pb_counter][\/et_pb_counters][\/et_pb_column][\/et_pb_row][\/et_pb_section]<\/p>","protected":false},"excerpt":{"rendered":"<p>ICH BINMARKUSWEIBEL\u00a0Epigenetik-Coach, Schlafforscher, Stressmanagement.Ich bin Schlafforscher und Experte f\u00fcr Stressmanagement mit \u00fcber 20 Jahren Praxiserfahrung. Als Gr\u00fcnder des Programms \u201eSleep Excellence\u201c habe ich mich auf die Optimierung von Schlafqualit\u00e4t und Stressbew\u00e4ltigung spezialisiert. Mit fundiertem Wissen in den Bereichen Neurowissenschaft und Epigenetik halte ich mich stets auf dem neuesten Stand der Forschung. Mit Leidenschaft f\u00fcr Gesundheit [&hellip;]<\/p>","protected":false},"author":1,"featured_media":0,"parent":0,"menu_order":0,"comment_status":"closed","ping_status":"closed","template":"","meta":{"_et_pb_use_builder":"on","_et_pb_old_content":"","_et_gb_content_width":"","footnotes":""},"class_list":["post-26","page","type-page","status-publish","hentry"],"_links":{"self":[{"href":"https:\/\/markusweibel.ch\/fr\/wp-json\/wp\/v2\/pages\/26","targetHints":{"allow":["GET"]}}],"collection":[{"href":"https:\/\/markusweibel.ch\/fr\/wp-json\/wp\/v2\/pages"}],"about":[{"href":"https:\/\/markusweibel.ch\/fr\/wp-json\/wp\/v2\/types\/page"}],"author":[{"embeddable":true,"href":"https:\/\/markusweibel.ch\/fr\/wp-json\/wp\/v2\/users\/1"}],"replies":[{"embeddable":true,"href":"https:\/\/markusweibel.ch\/fr\/wp-json\/wp\/v2\/comments?post=26"}],"version-history":[{"count":7,"href":"https:\/\/markusweibel.ch\/fr\/wp-json\/wp\/v2\/pages\/26\/revisions"}],"predecessor-version":[{"id":68,"href":"https:\/\/markusweibel.ch\/fr\/wp-json\/wp\/v2\/pages\/26\/revisions\/68"}],"wp:attachment":[{"href":"https:\/\/markusweibel.ch\/fr\/wp-json\/wp\/v2\/media?parent=26"}],"curies":[{"name":"wp","href":"https:\/\/api.w.org\/{rel}","templated":true}]}}